{"id":7,"date":"2022-02-11T22:55:00","date_gmt":"2022-02-12T03:55:00","guid":{"rendered":"http:\/\/otorrinogrupoanaya.com\/?page_id=7"},"modified":"2022-02-12T02:13:21","modified_gmt":"2022-02-12T07:13:21","slug":"acerca-de","status":"publish","type":"page","link":"https:\/\/otorrinogrupoanaya.com\/index.php\/acerca-de\/","title":{"rendered":"Dr. Fidel Anaya Pajuelo"},"content":{"rendered":"\t\t<div data-elementor-type=\"wp-page\" data-elementor-id=\"7\" class=\"elementor elementor-7\" data-elementor-settings=\"[]\">\n\t\t\t\t\t\t\t<div class=\"elementor-section-wrap\">\n\t\t\t\t\t\t\t<section class=\"elementor-section elementor-top-section elementor-element elementor-element-b2a93a2 elementor-section-full_width elementor-section-height-default elementor-section-height-default\" data-id=\"b2a93a2\" data-element_type=\"section\">\n\t\t\t\t\t\t\t<div class=\"elementor-background-overlay\"><\/div>\n\t\t\t\t\t\t\t<div class=\"elementor-container elementor-column-gap-default\">\n\t\t\t\t\t<div class=\"elementor-column elementor-col-100 elementor-top-column elementor-element elementor-element-5ff37bd\" data-id=\"5ff37bd\" data-element_type=\"column\">\n\t\t\t<div class=\"elementor-widget-wrap elementor-element-populated\">\n\t\t\t\t\t\t\t\t<div class=\"elementor-element elementor-element-ac30c08 elementor-widget elementor-widget-heading\" data-id=\"ac30c08\" data-element_type=\"widget\" data-widget_type=\"heading.default\">\n\t\t\t\t<div class=\"elementor-widget-container\">\n\t\t\t<h2 class=\"elementor-heading-title elementor-size-default\">Dr. Fidel Anaya Pajuelo<\/h2>\t\t<\/div>\n\t\t\t\t<\/div>\n\t\t\t\t\t<\/div>\n\t\t<\/div>\n\t\t\t\t\t\t\t<\/div>\n\t\t<\/section>\n\t\t\t\t<section class=\"elementor-section elementor-top-section elementor-element elementor-element-65de570 elementor-section-boxed elementor-section-height-default elementor-section-height-default\" data-id=\"65de570\" data-element_type=\"section\">\n\t\t\t\t\t\t<div class=\"elementor-container elementor-column-gap-default\">\n\t\t\t\t\t<div class=\"elementor-column elementor-col-50 elementor-top-column elementor-element elementor-element-f37380d\" data-id=\"f37380d\" data-element_type=\"column\" data-settings=\"{&quot;background_background&quot;:&quot;classic&quot;}\">\n\t\t\t<div class=\"elementor-widget-wrap elementor-element-populated\">\n\t\t\t\t\t\t\t\t<div class=\"elementor-element elementor-element-09244d4 elementor-widget elementor-widget-image\" data-id=\"09244d4\" data-element_type=\"widget\" data-widget_type=\"image.default\">\n\t\t\t\t<div class=\"elementor-widget-container\">\n\t\t\t\t\t\t\t\t\t\t\t\t\t\t\t<img decoding=\"async\" src=\"https:\/\/otorrinogrupoanaya.com\/wp-content\/uploads\/elementor\/thumbs\/4-pke2qf7nbdju7het107e5rkumuvforfopqr4flfpj4.jpg\" title=\"4\" alt=\"4\" \/>\t\t\t\t\t\t\t\t\t\t\t\t\t\t\t<\/div>\n\t\t\t\t<\/div>\n\t\t\t\t\t<\/div>\n\t\t<\/div>\n\t\t\t\t<div class=\"elementor-column elementor-col-50 elementor-top-column elementor-element elementor-element-541a377\" data-id=\"541a377\" data-element_type=\"column\" data-settings=\"{&quot;background_background&quot;:&quot;classic&quot;}\">\n\t\t\t<div class=\"elementor-widget-wrap elementor-element-populated\">\n\t\t\t\t\t\t\t\t<div class=\"elementor-element elementor-element-acb33dd elementor-widget elementor-widget-text-editor\" data-id=\"acb33dd\" data-element_type=\"widget\" data-widget_type=\"text-editor.default\">\n\t\t\t\t<div class=\"elementor-widget-container\">\n\t\t\t\t\t\t\t\t<p>\u00a0<\/p>\n<p>Primer m\u00e9dico otorrinolaring\u00f3logo en realizar implantes cocleares en el Per\u00fa (ESSALUD, PNP, EP).<br \/>Medico que realiz\u00f3 por primera vez los implantes cocleares bilateral en el mismo acto quir\u00fargico en Per\u00fa (Cl\u00ednica de especialidades m\u00e9dicas).<br \/>M\u00e9dico con mas de 30 a\u00f1os experiencia.<br \/>Capacitaciones internacionales constantes, en pa\u00edses como EEUU, Australia, Brasil, Colombia, China, entre otros.<br \/>Actualmente laborando en el Hospital Rebagliati y en la cl\u00ednica de especialidades m\u00e9dicas.<\/p>\t\t\t\t\t\t<\/div>\n\t\t\t\t<\/div>\n\t\t\t\t\t<\/div>\n\t\t<\/div>\n\t\t\t\t\t\t\t<\/div>\n\t\t<\/section>\n\t\t\t\t<section class=\"elementor-section elementor-top-section elementor-element elementor-element-65453f9 elementor-section-boxed elementor-section-height-default elementor-section-height-default\" data-id=\"65453f9\" data-element_type=\"section\">\n\t\t\t\t\t\t<div class=\"elementor-container elementor-column-gap-default\">\n\t\t\t\t\t<div class=\"elementor-column elementor-col-100 elementor-top-column elementor-element elementor-element-d405cef\" data-id=\"d405cef\" data-element_type=\"column\">\n\t\t\t<div class=\"elementor-widget-wrap elementor-element-populated\">\n\t\t\t\t\t\t\t\t<section class=\"elementor-section elementor-inner-section elementor-element elementor-element-4159bdb elementor-section-boxed elementor-section-height-default elementor-section-height-default\" data-id=\"4159bdb\" data-element_type=\"section\">\n\t\t\t\t\t\t<div class=\"elementor-container elementor-column-gap-default\">\n\t\t\t\t\t<div class=\"elementor-column elementor-col-50 elementor-inner-column elementor-element elementor-element-2b59044\" data-id=\"2b59044\" data-element_type=\"column\">\n\t\t\t<div class=\"elementor-widget-wrap elementor-element-populated\">\n\t\t\t\t\t\t\t\t<div class=\"elementor-element elementor-element-0c1a99f elementor-widget elementor-widget-text-editor\" data-id=\"0c1a99f\" data-element_type=\"widget\" data-widget_type=\"text-editor.default\">\n\t\t\t\t<div class=\"elementor-widget-container\">\n\t\t\t\t\t\t\t\t<div class=\"level\">\n<div class=\"subtitle\">Colegiatura<\/div>\n<div class=\"desc\">C\u00f3digo de CMP:\u00a0<b>14904<\/b><br \/>A\u00f1o de Colegiatura:\u00a0<b>1982<\/b><\/div>\n<\/div>\n<p>\u00a0<\/p>\n<div class=\"level\">\n<div class=\"subtitle\">Educaci\u00f3n<\/div>\n<div class=\"desc\"><strong>Otorrinolaringolog\u00eda Pedi\u00e1trica<\/strong><br \/>Instituto Nacional de Salud del Ni\u00f1o<br \/>Enero 1986 &#8211; Diciembre 1988<br \/><br \/><strong>Medicina Humana<\/strong><br \/>Universidad Federico Villareal<br \/>Enero 1974 &#8211; Diciembre 1981<br \/><br \/><strong>Especialidad en implantes cocleares<\/strong><br \/>Diversas instituciones (EEUU, Australia, Brasil, Colombia, otros)<br \/><br \/><\/div>\n<\/div>\n<p>\u00a0<\/p>\n<div class=\"level\">\u00a0<\/div>\n<div class=\"level\">\n<div class=\"desc\">\u00a0<\/div>\n<\/div>\t\t\t\t\t\t<\/div>\n\t\t\t\t<\/div>\n\t\t\t\t\t<\/div>\n\t\t<\/div>\n\t\t\t\t<div class=\"elementor-column elementor-col-50 elementor-inner-column elementor-element elementor-element-d9e7d16\" data-id=\"d9e7d16\" data-element_type=\"column\">\n\t\t\t<div class=\"elementor-widget-wrap elementor-element-populated\">\n\t\t\t\t\t\t\t\t<div class=\"elementor-element elementor-element-8b5a00b elementor-widget elementor-widget-text-editor\" data-id=\"8b5a00b\" data-element_type=\"widget\" data-widget_type=\"text-editor.default\">\n\t\t\t\t<div class=\"elementor-widget-container\">\n\t\t\t\t\t\t\t\t<div class=\"level\">\n<div class=\"subtitle\">Especialidades<\/div>\n<div class=\"desc\">Otorrinolaringolog\u00eda<\/div>\n<\/div>\n<p>\u00a0<\/p>\n<div class=\"level\">\n<div class=\"subtitle\">Experiencia<\/div>\n<div class=\"desc\"><strong>M\u00e9dico Asistente<\/strong><br \/>Cl\u00ednica de especialidades m\u00e9dicas &#8211; San Borja. | Enero 2008 &#8211; Actualmente<br \/><br \/><strong>M\u00e9dico Asistente<\/strong><br \/>Hospital \u00abEdgardo Rebagliati\u00bb | Enero 1988 &#8211; Actualmente<br \/><br \/><strong>M\u00e9dico Aerona\u00fatico<\/strong><br \/>Fuerza Aerea de Per\u00fa | Enero 1982 &#8211; Diciembre 1986<\/div>\n<\/div>\t\t\t\t\t\t<\/div>\n\t\t\t\t<\/div>\n\t\t\t\t\t<\/div>\n\t\t<\/div>\n\t\t\t\t\t\t\t<\/div>\n\t\t<\/section>\n\t\t\t\t\t<\/div>\n\t\t<\/div>\n\t\t\t\t\t\t\t<\/div>\n\t\t<\/section>\n\t\t\t\t\t\t<\/div>\n\t\t\t\t\t<\/div>\n\t\t","protected":false},"excerpt":{"rendered":"<p>Dr. Fidel Anaya Pajuelo \u00a0 Primer m\u00e9dico otorrinolaring\u00f3logo en realizar implantes cocleares en el Per\u00fa (ESSALUD, PNP, EP).Medico que realiz\u00f3 por primera vez los implantes cocleares bilateral en el mismo acto quir\u00fargico en Per\u00fa (Cl\u00ednica de especialidades m\u00e9dicas).M\u00e9dico con mas de 30 a\u00f1os experiencia.Capacitaciones internacionales constantes, en pa\u00edses como EEUU, Australia, Brasil, Colombia, China, entre&#8230;<\/p>\n","protected":false},"author":1,"featured_media":0,"parent":0,"menu_order":0,"comment_status":"closed","ping_status":"closed","template":"elementor_header_footer","meta":{"_kad_post_transparent":"","_kad_post_title":"","_kad_post_layout":"","_kad_post_sidebar_id":"","_kad_post_content_style":"","_kad_post_vertical_padding":"","_kad_post_feature":"","_kad_post_feature_position":"","_kad_post_header":false,"_kad_post_footer":false,"footnotes":""},"_links":{"self":[{"href":"https:\/\/otorrinogrupoanaya.com\/index.php\/wp-json\/wp\/v2\/pages\/7"}],"collection":[{"href":"https:\/\/otorrinogrupoanaya.com\/index.php\/wp-json\/wp\/v2\/pages"}],"about":[{"href":"https:\/\/otorrinogrupoanaya.com\/index.php\/wp-json\/wp\/v2\/types\/page"}],"author":[{"embeddable":true,"href":"https:\/\/otorrinogrupoanaya.com\/index.php\/wp-json\/wp\/v2\/users\/1"}],"replies":[{"embeddable":true,"href":"https:\/\/otorrinogrupoanaya.com\/index.php\/wp-json\/wp\/v2\/comments?post=7"}],"version-history":[{"count":11,"href":"https:\/\/otorrinogrupoanaya.com\/index.php\/wp-json\/wp\/v2\/pages\/7\/revisions"}],"predecessor-version":[{"id":90,"href":"https:\/\/otorrinogrupoanaya.com\/index.php\/wp-json\/wp\/v2\/pages\/7\/revisions\/90"}],"wp:attachment":[{"href":"https:\/\/otorrinogrupoanaya.com\/index.php\/wp-json\/wp\/v2\/media?parent=7"}],"curies":[{"name":"wp","href":"https:\/\/api.w.org\/{rel}","templated":true}]}}